{"id":1296,"date":"2023-03-02T10:04:05","date_gmt":"2023-03-02T09:04:05","guid":{"rendered":"https:\/\/www.ocealys.com\/notre-equipe-notre-ethique\/"},"modified":"2025-05-19T14:41:02","modified_gmt":"2025-05-19T12:41:02","slug":"notre-equipe-notre-ethique","status":"publish","type":"page","link":"https:\/\/www.ocealys.com\/en\/notre-equipe-notre-ethique\/","title":{"rendered":"Our team &#038; our ethic"},"content":{"rendered":"<section class=\"core-inline core-heading\" data-scroll-section><div class=\"container\">\n<h1 class=\"wp-block-heading has-text-align-center\">Our team &amp; our ethic<\/h1>\n<\/div><\/section>\n\n<section class=\"core-inline core-paragraph\" data-scroll-section><div class=\"container\">\n<p class=\"has-text-align-center is-style-body-description\">An expert and loyal team from many years, at your disposal to support you in all stages of your Cosmetic brand project, with a quality approach according to the ISO 22716 norm.<\/p>\n<\/div><\/section>\n\n<section class=\"acf contenu-images marges \" id=\"\">\n\n            \n\n    <div class=\" container  grid-container ordre-normal option-noir-et-blanc\">\n\n                <div class=\"images grid-1-images\">\n                            <div class=\"image\">\n                    <picture>\n                        <source type=\"image\/webp\" srcset=\"https:\/\/www.ocealys.com\/app\/uploads\/2025\/03\/rempl-photo-equipe_pageint--870x800.webp, https:\/\/www.ocealys.com\/app\/uploads\/2025\/03\/rempl-photo-equipe_pageint--870x800@2x.webp 2x\">\n                        <source type=\"image\/jpeg\" srcset=\"https:\/\/www.ocealys.com\/app\/uploads\/2025\/03\/rempl-photo-equipe_pageint--870x800.jpg, https:\/\/www.ocealys.com\/app\/uploads\/2025\/03\/rempl-photo-equipe_pageint--870x800@2x.jpg 2x\">\n                        <img decoding=\"async\" loading=\"lazy\" src=\"https:\/\/www.ocealys.com\/app\/uploads\/2025\/03\/rempl-photo-equipe_pageint--870x800.jpg\" alt=\"\" width=\"545\" height=\"775\"\/>\n                    <\/picture>\n                <\/div>\n                    <\/div>\n\n        <div class=\"content\">\n                            <div class=\"contenu\">\n                    <p><span class=\"soustitre\">The Research &amp; Development center<\/span><br \/>\nThe founding president and team\u2019s engineers,<br \/>\nto guide you in the design of exclusive active ingredients derived from natural resources, to create books of ideas, a source of trends and inspiration, for your creative and private label cosmetic brand project.<\/p>\n<p><span class=\"soustitre\">The Innovation department &amp; Formulation laboratory<\/span><br \/>\nThe Research &amp; Development Managers, Fran\u00e7oise Branquet &amp; Chlo\u00e9 Mah\u00e9, Chemical and Cosmetic engineers, with talent recognized throughout the profession, oversees a permanent team of project managers, engineers and formulation technicians.<\/p>\n\n                <\/div>\n            \n                    <\/div>\n    <\/div>\n<\/section>\n\n<section class=\"acf contenu-images marges \" id=\"\">\n\n            \n\n    <div class=\" container  grid-container ordre-inverse option-noir-et-blanc\">\n\n                <div class=\"images grid-1-images\">\n                            <div class=\"image\">\n                    <picture>\n                        <source type=\"image\/webp\" srcset=\"https:\/\/www.ocealys.com\/app\/uploads\/2025\/03\/rempl-photo-equipe_acc-870x800.webp, https:\/\/www.ocealys.com\/app\/uploads\/2025\/03\/rempl-photo-equipe_acc-870x800@2x.webp 2x\">\n                        <source type=\"image\/jpeg\" srcset=\"https:\/\/www.ocealys.com\/app\/uploads\/2025\/03\/rempl-photo-equipe_acc-870x800.jpg, https:\/\/www.ocealys.com\/app\/uploads\/2025\/03\/rempl-photo-equipe_acc-870x800@2x.jpg 2x\">\n                        <img decoding=\"async\" loading=\"lazy\" src=\"https:\/\/www.ocealys.com\/app\/uploads\/2025\/03\/rempl-photo-equipe_acc-870x800.jpg\" alt=\"\" width=\"545\" height=\"775\"\/>\n                    <\/picture>\n                <\/div>\n                    <\/div>\n\n        <div class=\"content\">\n                            <div class=\"contenu\">\n                    <p><span class=\"soustitre\">The Packaging Development &amp; Industrial Transposition Service<\/span><br \/>\nThe Purchasing &amp; Marketing Director, Marie Laure Hamon, Quality engineer and cosmetologist, with the creativity and essential expertise to design your product line in constant collaboration with our subcontractor partners.<\/p>\n<p><span class=\"soustitre\">The Regulatory Planning &amp; Testing Department<\/span><br \/>\nThe laboratory team leader, Virginie Seit\u00e9, formulation specialist with extensive experience in industrial production and assisted by quality department team, cosmetic and regulatory engineer, who takes care and controls timelines throughout the test procedure of your formulas.<\/p>\n\n                <\/div>\n            \n                    <\/div>\n    <\/div>\n<\/section>\n\n<section class=\"acf contenu-images marges \" id=\"\">\n\n            \n\n    <div class=\" container  grid-container ordre-normal option-noir-et-blanc\">\n\n                <div class=\"images grid-1-images\">\n                            <div class=\"image\">\n                    <picture>\n                        <source type=\"image\/webp\" srcset=\"https:\/\/www.ocealys.com\/app\/uploads\/2023\/06\/equipe-ocealys2.webp, https:\/\/www.ocealys.com\/app\/uploads\/2023\/06\/equipe-ocealys2@2x.webp 2x\">\n                        <source type=\"image\/jpeg\" srcset=\"https:\/\/www.ocealys.com\/app\/uploads\/2023\/06\/equipe-ocealys2.jpg, https:\/\/www.ocealys.com\/app\/uploads\/2023\/06\/equipe-ocealys2@2x.jpg 2x\">\n                        <img decoding=\"async\" loading=\"lazy\" src=\"https:\/\/www.ocealys.com\/app\/uploads\/2023\/06\/equipe-ocealys2.jpg\" alt=\"\" width=\"545\" height=\"775\"\/>\n                    <\/picture>\n                <\/div>\n                    <\/div>\n\n        <div class=\"content\">\n                            <div class=\"contenu\">\n                    <p><span class=\"soustitre\">The Compliance &amp; Testing Department<\/span><br \/>\nThe Manager of the Regulatory service, Anne-Sophie Kerjose, regulatory and quality engineer, expert in European and International Regulations and regulatory intelligence, in cosmetic claims, in all types of certifications, who also works in partnership with our dermatologist partners and our toxicologists experts.<\/p>\n<p><span class=\"soustitre\">The Commercial service<\/span><br \/>\nA dynamic, responsive team, with the pretty voice and professionalism of Alice Join, to welcome you and listen to you, to answer you quickly or guide you, to send you samples or technical sheets, to take care of your appointments.<\/p>\n\n                <\/div>\n            \n                    <\/div>\n    <\/div>\n<\/section>\n\n<section class=\"acf contenu has-background-color\" id=\"word\">\n    <div class=\"shape-left\"><\/div>\n    <div class=\"container\">\n       <h3 style=\"text-align: center;\"><span class=\"typo-logo\">The Founding President, biologist and cosmetologist expert<\/span><\/h3>\n<p>&nbsp;<\/p>\n<p style=\"text-align: center;\">Imagination in its purest form is the art of giving life to what does not exist and to be creative, you have to develop humility and courage.<\/p>\n<p style=\"text-align: center;\">Creativity is coming from authenticity and respect of the tradition, as a painter does not reinvent the rainbow, he uses colors differently.<\/p>\n<p style=\"text-align: center;\">Succeed in integrating multiple influences, cultural or ancestral to the most modern biotechnologies, in order to create new dynamics of skin care in line with the evolution of the world of cosmetics.<\/p>\n<p style=\"text-align: center;\">Take inspiration from the new perspectives offered by biomimicry: restoring the best that exists in the Nature, the bio-economy or the blue economy or even the circular economy by promoting our local and French country.<\/p>\n<p style=\"text-align: center;\">This interpenetration of life and creation, supports actions in favor of the biodiversity and the well-being of our planet and ourselves.<\/p>\n<p style=\"text-align: center;\">To formulate sensorial, creative and high-performance cosmetic products, designed as real rituals to generate emotion and great sensation of well-being essential to preserve the health of our skin.<\/p>\n<p>&nbsp;<\/p>\n<p>&nbsp;<\/p>\n<p style=\"text-align: center;\">Fabienne Bresdin<\/p>\n\n    <\/div>\n    <div class=\"shape-right\"><\/div>\n<\/section>\n<section class=\"acf contenu-bis text-color-light has-background-color\">\n    <div class=\"container\">\n       <h2 style=\"text-align: center;\"><strong>Cosmetic brands light up our future!<\/strong><\/h2>\n\n    <\/div>\n<\/section>\n\n<section class=\"core core-quote\" data-scroll-section><div class=\"container\">\n<blockquote class=\"wp-block-quote is-layout-flow wp-block-quote-is-layout-flow\">\n<p>\u00ab <em>We have to do creation as an ambition, invention as a requirement, novelty as a necessit<\/em>y \u00bb<\/p>\n<cite><em>Jacques Attali<\/em><\/cite><\/blockquote>\n<\/div><\/section>\n\n<section class=\"acf valeurs has-background-color\" id=\"\">\n    <div class=\"container\">\n        <div class=\"intro\">\n            <h2 class=\"titre heading-two\">Our ethics<\/h2>\n            <p class=\"description is-style-body-description\">Our Values are reflected in all areas of the company and its governance:<\/p>\n        <\/div>\n        <div class=\"valeurs\">\n                            <div class=\"valeur\">\n                    <div class=\"icon\">\n                        <picture>\n                            <source type=\"image\/webp\" srcset=\"https:\/\/www.ocealys.com\/app\/uploads\/2023\/03\/qualite2.webp, https:\/\/www.ocealys.com\/app\/uploads\/2023\/03\/qualite2@2x.webp 2x\">\n                            <source type=\"image\/jpeg\" srcset=\"https:\/\/www.ocealys.com\/app\/uploads\/2023\/03\/qualite2.jpg, https:\/\/www.ocealys.com\/app\/uploads\/2023\/03\/qualite2@2x.jpg 2x\">\n                            <img decoding=\"async\" loading=\"lazy\" src=\"https:\/\/www.ocealys.com\/app\/uploads\/2023\/03\/qualite2.jpg\" alt=\"\" width=\"100\" height=\"100\"\/>\n                        <\/picture>\n                    <\/div>\n                    <p><span class=\"soustitre\">Transparency &amp; quality<\/span><br \/>\nExpertise to support you throughout your Cosmetic brand development project and based on European and International norms.<\/p>\n\n                <\/div>\n                            <div class=\"valeur\">\n                    <div class=\"icon\">\n                        <picture>\n                            <source type=\"image\/webp\" srcset=\"https:\/\/www.ocealys.com\/app\/uploads\/2023\/03\/creativite2.webp, https:\/\/www.ocealys.com\/app\/uploads\/2023\/03\/creativite2@2x.webp 2x\">\n                            <source type=\"image\/jpeg\" srcset=\"https:\/\/www.ocealys.com\/app\/uploads\/2023\/03\/creativite2.jpg, https:\/\/www.ocealys.com\/app\/uploads\/2023\/03\/creativite2@2x.jpg 2x\">\n                            <img decoding=\"async\" loading=\"lazy\" src=\"https:\/\/www.ocealys.com\/app\/uploads\/2023\/03\/creativite2.jpg\" alt=\"\" width=\"100\" height=\"100\"\/>\n                        <\/picture>\n                    <\/div>\n                    <p><span class=\"soustitre\">Creativity &#038; innovation<\/span><br \/>\nA continuous source of scientific, ethical and sensorial inspiration to stay on the top of innovation in our field of expertise.<\/p>\n\n                <\/div>\n                            <div class=\"valeur\">\n                    <div class=\"icon\">\n                        <picture>\n                            <source type=\"image\/webp\" srcset=\"https:\/\/www.ocealys.com\/app\/uploads\/2023\/03\/respect.webp, https:\/\/www.ocealys.com\/app\/uploads\/2023\/03\/respect@2x.webp 2x\">\n                            <source type=\"image\/jpeg\" srcset=\"https:\/\/www.ocealys.com\/app\/uploads\/2023\/03\/respect.jpg, https:\/\/www.ocealys.com\/app\/uploads\/2023\/03\/respect@2x.jpg 2x\">\n                            <img decoding=\"async\" loading=\"lazy\" src=\"https:\/\/www.ocealys.com\/app\/uploads\/2023\/03\/respect.jpg\" alt=\"\" width=\"100\" height=\"100\"\/>\n                        <\/picture>\n                    <\/div>\n                    <p><span class=\"soustitre\">Respect of people <\/span><br \/>\nFor the construction of collaboration and long-term partnerships.<\/p>\n\n                <\/div>\n                            <div class=\"valeur\">\n                    <div class=\"icon\">\n                        <picture>\n                            <source type=\"image\/webp\" srcset=\"https:\/\/www.ocealys.com\/app\/uploads\/2023\/03\/ecologie.webp, https:\/\/www.ocealys.com\/app\/uploads\/2023\/03\/ecologie@2x.webp 2x\">\n                            <source type=\"image\/jpeg\" srcset=\"https:\/\/www.ocealys.com\/app\/uploads\/2023\/03\/ecologie.jpg, https:\/\/www.ocealys.com\/app\/uploads\/2023\/03\/ecologie@2x.jpg 2x\">\n                            <img decoding=\"async\" loading=\"lazy\" src=\"https:\/\/www.ocealys.com\/app\/uploads\/2023\/03\/ecologie.jpg\" alt=\"\" width=\"100\" height=\"100\"\/>\n                        <\/picture>\n                    <\/div>\n                    <p><span class=\"soustitre\">Ethical &amp; ecological resources<\/span><br \/>\nThe valorization of natural resources in order to restore their benefits while respecting their renewal cycle, their bioavailability, without damaging the biodiversity of our environment.<\/p>\n\n                <\/div>\n                            <div class=\"valeur\">\n                    <div class=\"icon\">\n                        <picture>\n                            <source type=\"image\/webp\" srcset=\"https:\/\/www.ocealys.com\/app\/uploads\/2023\/03\/economique.webp, https:\/\/www.ocealys.com\/app\/uploads\/2023\/03\/economique@2x.webp 2x\">\n                            <source type=\"image\/jpeg\" srcset=\"https:\/\/www.ocealys.com\/app\/uploads\/2023\/03\/economique.jpg, https:\/\/www.ocealys.com\/app\/uploads\/2023\/03\/economique@2x.jpg 2x\">\n                            <img decoding=\"async\" loading=\"lazy\" src=\"https:\/\/www.ocealys.com\/app\/uploads\/2023\/03\/economique.jpg\" alt=\"\" width=\"100\" height=\"100\"\/>\n                        <\/picture>\n                    <\/div>\n                    <p><span class=\"soustitre\">Economic<\/span><br \/>\nIn accordance to your business models and the respect of our suppliers partners.<\/p>\n\n                <\/div>\n                    <\/div>\n    <\/div>\n<\/section>\n\n<section class=\"core-inline core-buttons\" data-scroll-section><div class=\"container\">\n<div class=\"wp-block-buttons is-content-justification-center is-layout-flex wp-container-core-buttons-is-layout-16018d1d wp-block-buttons-is-layout-flex\">\n<div class=\"wp-block-button is-style-fleche\"><a class=\"wp-block-button__link wp-element-button\" href=\"https:\/\/www.ocealys.com\/notre-univers\/\">Our universe<\/a><\/div>\n<\/div>\n<\/div><\/section>","protected":false},"excerpt":{"rendered":"<p>Our team &amp; our ethic An expert and loyal team from many years, at your disposal to support you in all stages of your Cosmetic brand project, with a quality approach according to the ISO 22716 norm. \u00ab We have to do creation as an ambition, invention as a requirement, novelty as a necessity \u00bb [&hellip;]<\/p>\n","protected":false},"author":1,"featured_media":0,"parent":0,"menu_order":0,"comment_status":"closed","ping_status":"closed","template":"","meta":{"footnotes":""},"class_list":["post-1296","page","type-page","status-publish","hentry"],"acf":[],"yoast_head":"<!-- This site is optimized with the Yoast SEO plugin v27.1.1 - https:\/\/yoast.com\/product\/yoast-seo-wordpress\/ -->\n<title>Our team &amp; our ethic - Laboratoire Oc\u00e9alys<\/title>\n<meta name=\"robots\" content=\"index, follow, max-snippet:-1, max-image-preview:large, max-video-preview:-1\" \/>\n<link rel=\"canonical\" href=\"https:\/\/www.ocealys.com\/en\/notre-equipe-notre-ethique\/\" \/>\n<meta property=\"og:locale\" content=\"en_US\" \/>\n<meta property=\"og:type\" content=\"article\" \/>\n<meta property=\"og:title\" content=\"Our team &amp; our ethic - Laboratoire Oc\u00e9alys\" \/>\n<meta property=\"og:description\" content=\"Our team &amp; our ethic An expert and loyal team from many years, at your disposal to support you in all stages of your Cosmetic brand project, with a quality approach according to the ISO 22716 norm. \u00ab We have to do creation as an ambition, invention as a requirement, novelty as a necessity \u00bb [&hellip;]\" \/>\n<meta property=\"og:url\" content=\"https:\/\/www.ocealys.com\/en\/notre-equipe-notre-ethique\/\" \/>\n<meta property=\"og:site_name\" content=\"Laboratoire Oc\u00e9alys\" \/>\n<meta property=\"article:modified_time\" content=\"2025-05-19T12:41:02+00:00\" \/>\n<meta name=\"twitter:card\" content=\"summary_large_image\" \/>\n<meta name=\"twitter:label1\" content=\"Est. reading time\" \/>\n\t<meta name=\"twitter:data1\" content=\"1 minute\" \/>\n<script type=\"application\/ld+json\" class=\"yoast-schema-graph\">{\"@context\":\"https:\/\/schema.org\",\"@graph\":[{\"@type\":\"WebPage\",\"@id\":\"https:\/\/www.ocealys.com\/en\/notre-equipe-notre-ethique\/\",\"url\":\"https:\/\/www.ocealys.com\/en\/notre-equipe-notre-ethique\/\",\"name\":\"Our team & our ethic - Laboratoire Oc\u00e9alys\",\"isPartOf\":{\"@id\":\"https:\/\/www.ocealys.com\/en\/#website\"},\"datePublished\":\"2023-03-02T09:04:05+00:00\",\"dateModified\":\"2025-05-19T12:41:02+00:00\",\"breadcrumb\":{\"@id\":\"https:\/\/www.ocealys.com\/en\/notre-equipe-notre-ethique\/#breadcrumb\"},\"inLanguage\":\"en-US\",\"potentialAction\":[{\"@type\":\"ReadAction\",\"target\":[\"https:\/\/www.ocealys.com\/en\/notre-equipe-notre-ethique\/\"]}]},{\"@type\":\"BreadcrumbList\",\"@id\":\"https:\/\/www.ocealys.com\/en\/notre-equipe-notre-ethique\/#breadcrumb\",\"itemListElement\":[{\"@type\":\"ListItem\",\"position\":1,\"name\":\"Home\",\"item\":\"https:\/\/www.ocealys.com\/en\/\"},{\"@type\":\"ListItem\",\"position\":2,\"name\":\"Our team &#038; our ethic\"}]},{\"@type\":\"WebSite\",\"@id\":\"https:\/\/www.ocealys.com\/en\/#website\",\"url\":\"https:\/\/www.ocealys.com\/en\/\",\"name\":\"Laboratoire Oc\u00e9alys\",\"description\":\"Des formules Monde 100% naturelles, pr\u00e9miums, certifi\u00e9es Ecocert, Vegan, Clean ... et con\u00e7ues selon la normes ISO 22716\",\"publisher\":{\"@id\":\"https:\/\/www.ocealys.com\/en\/#organization\"},\"potentialAction\":[{\"@type\":\"SearchAction\",\"target\":{\"@type\":\"EntryPoint\",\"urlTemplate\":\"https:\/\/www.ocealys.com\/en\/?s={search_term_string}\"},\"query-input\":{\"@type\":\"PropertyValueSpecification\",\"valueRequired\":true,\"valueName\":\"search_term_string\"}}],\"inLanguage\":\"en-US\"},{\"@type\":\"Organization\",\"@id\":\"https:\/\/www.ocealys.com\/en\/#organization\",\"name\":\"Laboratoire Oc\u00e9alys\",\"url\":\"https:\/\/www.ocealys.com\/en\/\",\"logo\":{\"@type\":\"ImageObject\",\"inLanguage\":\"en-US\",\"@id\":\"https:\/\/www.ocealys.com\/en\/#\/schema\/logo\/image\/\",\"url\":\"https:\/\/www.ocealys.com\/app\/uploads\/2023\/02\/cropped-ocelalys-favicon.png\",\"contentUrl\":\"https:\/\/www.ocealys.com\/app\/uploads\/2023\/02\/cropped-ocelalys-favicon.png\",\"width\":512,\"height\":512,\"caption\":\"Laboratoire Oc\u00e9alys\"},\"image\":{\"@id\":\"https:\/\/www.ocealys.com\/en\/#\/schema\/logo\/image\/\"}}]}<\/script>\n<!-- \/ Yoast SEO plugin. -->","yoast_head_json":{"title":"Our team & our ethic - Laboratoire Oc\u00e9alys","robots":{"index":"index","follow":"follow","max-snippet":"max-snippet:-1","max-image-preview":"max-image-preview:large","max-video-preview":"max-video-preview:-1"},"canonical":"https:\/\/www.ocealys.com\/en\/notre-equipe-notre-ethique\/","og_locale":"en_US","og_type":"article","og_title":"Our team & our ethic - Laboratoire Oc\u00e9alys","og_description":"Our team &amp; our ethic An expert and loyal team from many years, at your disposal to support you in all stages of your Cosmetic brand project, with a quality approach according to the ISO 22716 norm. \u00ab We have to do creation as an ambition, invention as a requirement, novelty as a necessity \u00bb [&hellip;]","og_url":"https:\/\/www.ocealys.com\/en\/notre-equipe-notre-ethique\/","og_site_name":"Laboratoire Oc\u00e9alys","article_modified_time":"2025-05-19T12:41:02+00:00","twitter_card":"summary_large_image","twitter_misc":{"Est. reading time":"1 minute"},"schema":{"@context":"https:\/\/schema.org","@graph":[{"@type":"WebPage","@id":"https:\/\/www.ocealys.com\/en\/notre-equipe-notre-ethique\/","url":"https:\/\/www.ocealys.com\/en\/notre-equipe-notre-ethique\/","name":"Our team & our ethic - Laboratoire Oc\u00e9alys","isPartOf":{"@id":"https:\/\/www.ocealys.com\/en\/#website"},"datePublished":"2023-03-02T09:04:05+00:00","dateModified":"2025-05-19T12:41:02+00:00","breadcrumb":{"@id":"https:\/\/www.ocealys.com\/en\/notre-equipe-notre-ethique\/#breadcrumb"},"inLanguage":"en-US","potentialAction":[{"@type":"ReadAction","target":["https:\/\/www.ocealys.com\/en\/notre-equipe-notre-ethique\/"]}]},{"@type":"BreadcrumbList","@id":"https:\/\/www.ocealys.com\/en\/notre-equipe-notre-ethique\/#breadcrumb","itemListElement":[{"@type":"ListItem","position":1,"name":"Home","item":"https:\/\/www.ocealys.com\/en\/"},{"@type":"ListItem","position":2,"name":"Our team &#038; our ethic"}]},{"@type":"WebSite","@id":"https:\/\/www.ocealys.com\/en\/#website","url":"https:\/\/www.ocealys.com\/en\/","name":"Laboratoire Oc\u00e9alys","description":"Des formules Monde 100% naturelles, pr\u00e9miums, certifi\u00e9es Ecocert, Vegan, Clean ... et con\u00e7ues selon la normes ISO 22716","publisher":{"@id":"https:\/\/www.ocealys.com\/en\/#organization"},"potentialAction":[{"@type":"SearchAction","target":{"@type":"EntryPoint","urlTemplate":"https:\/\/www.ocealys.com\/en\/?s={search_term_string}"},"query-input":{"@type":"PropertyValueSpecification","valueRequired":true,"valueName":"search_term_string"}}],"inLanguage":"en-US"},{"@type":"Organization","@id":"https:\/\/www.ocealys.com\/en\/#organization","name":"Laboratoire Oc\u00e9alys","url":"https:\/\/www.ocealys.com\/en\/","logo":{"@type":"ImageObject","inLanguage":"en-US","@id":"https:\/\/www.ocealys.com\/en\/#\/schema\/logo\/image\/","url":"https:\/\/www.ocealys.com\/app\/uploads\/2023\/02\/cropped-ocelalys-favicon.png","contentUrl":"https:\/\/www.ocealys.com\/app\/uploads\/2023\/02\/cropped-ocelalys-favicon.png","width":512,"height":512,"caption":"Laboratoire Oc\u00e9alys"},"image":{"@id":"https:\/\/www.ocealys.com\/en\/#\/schema\/logo\/image\/"}}]}},"_links":{"self":[{"href":"https:\/\/www.ocealys.com\/en\/wp-json\/wp\/v2\/pages\/1296","targetHints":{"allow":["GET"]}}],"collection":[{"href":"https:\/\/www.ocealys.com\/en\/wp-json\/wp\/v2\/pages"}],"about":[{"href":"https:\/\/www.ocealys.com\/en\/wp-json\/wp\/v2\/types\/page"}],"author":[{"embeddable":true,"href":"https:\/\/www.ocealys.com\/en\/wp-json\/wp\/v2\/users\/1"}],"replies":[{"embeddable":true,"href":"https:\/\/www.ocealys.com\/en\/wp-json\/wp\/v2\/comments?post=1296"}],"version-history":[{"count":25,"href":"https:\/\/www.ocealys.com\/en\/wp-json\/wp\/v2\/pages\/1296\/revisions"}],"predecessor-version":[{"id":1798,"href":"https:\/\/www.ocealys.com\/en\/wp-json\/wp\/v2\/pages\/1296\/revisions\/1798"}],"wp:attachment":[{"href":"https:\/\/www.ocealys.com\/en\/wp-json\/wp\/v2\/media?parent=1296"}],"curies":[{"name":"wp","href":"https:\/\/api.w.org\/{rel}","templated":true}]}}