{"id":1302,"date":"2023-03-07T09:34:36","date_gmt":"2023-03-07T08:34:36","guid":{"rendered":"https:\/\/www.ocealys.com\/nos-expertises\/"},"modified":"2023-06-11T21:54:41","modified_gmt":"2023-06-11T19:54:41","slug":"our-expertises","status":"publish","type":"page","link":"https:\/\/www.ocealys.com\/en\/our-expertises\/","title":{"rendered":"Our expertises"},"content":{"rendered":"<section class=\"core-inline core-heading\" data-scroll-section><div class=\"container\">\n<h2 class=\"has-text-align-center wp-block-heading\">Our expertises<\/h2>\n<\/div><\/section>\n\n<section class=\"acf header-contenu\" id=\"inventer\">\n    <div class=\"background-image\">\n                    <picture>\n                <source type=\"image\/webp\" srcset=\"https:\/\/www.ocealys.com\/app\/uploads\/2023\/03\/1-inventer-fond-1-1920x690.webp, https:\/\/www.ocealys.com\/app\/uploads\/2023\/03\/1-inventer-fond-1-1920x690@2x.webp 2x\">\n                <source type=\"image\/jpeg\" srcset=\"https:\/\/www.ocealys.com\/app\/uploads\/2023\/03\/1-inventer-fond-1-1920x690.jpg, https:\/\/www.ocealys.com\/app\/uploads\/2023\/03\/1-inventer-fond-1-1920x690@2x.jpg 2x\">\n                <img decoding=\"async\" loading=\"lazy\" src=\"https:\/\/www.ocealys.com\/app\/uploads\/2023\/03\/1-inventer-fond-1-1920x690.jpg\" alt=\"\" width=\"1920\" height=\"690\"\/>\n            <\/picture>\n                <\/div>\n    <div class=\"container\">\n        <div class=\"content\">\n            <div class=\"wrapper\">\n                                    <div class=\"nombre-titre\">\n                                                            <div class=\"nombre\">\n                            01.\n                        <\/div>\n                                                                <h3 class=\"titre\">\n                            Create\n                        <\/h3>\n                                                        <\/div>\n                                                    <p class=\"description is-style-body-description\">\n                        your private label skincare line with a support throughout your development project:\n                    <\/p>\n                                                    <div class=\"contenu\">\n                        <p><span class=\"soustitre\">Creation:<\/span><br \/>\nthe development of your \u201ctailor-made\u201d formulas, exclusive, according to your specifications<\/p>\n<p><span class=\"soustitre\">Inspiration:<\/span><br \/>\nthe customization of our standard formulas offered in our catalog<\/p>\n<p><span class=\"soustitre\">Ready to use or white: <\/span><br \/>\nthe provision of our standard formulas under your brand<\/p>\n<p><span class=\"soustitre\">Reformulation:<\/span><br \/>\nthe improvement of your products according to your new quality or regulatory charter<\/p>\n<p><span class=\"soustitre\">Adaptation:<\/span><br \/>\nregulatory audit and industrial transposition of the formula you have already<\/p>\n\n                    <\/div>\n                            <\/div>\n        <\/div>\n    <\/div>\n<\/section>\n\n\n<figure class=\"wp-block-gallery has-nested-images columns-default is-cropped wp-block-gallery-1 is-layout-flex wp-block-gallery-is-layout-flex\"data-scroll-section >\n<figure class=\"wp-block-image size-large is-style-carre\"><picture><source srcset=\"https:\/\/www.ocealys.com\/app\/uploads\/2023\/03\/inventer3-683x1024.webp\" type=\"image\/webp\" \/><img src=\"https:\/\/www.ocealys.com\/app\/uploads\/2023\/03\/inventer3-683x1024.png\" width=\"683\"  height=\"1024\" class=\"wp-image-1022\" alt=\"Inventer3\" ><\/picture><\/figure>\n\n\n\n<figure class=\"wp-block-image size-large is-style-carre\"><picture><source srcset=\"https:\/\/www.ocealys.com\/app\/uploads\/2023\/03\/inventer1-1024x751.webp\" type=\"image\/webp\" \/><img src=\"https:\/\/www.ocealys.com\/app\/uploads\/2023\/03\/inventer1-1024x751.png\" width=\"1024\"  height=\"751\" class=\"wp-image-1018\" alt=\"Inventer1\" ><\/picture><\/figure>\n\n\n\n<figure class=\"wp-block-image size-large is-style-carre\"><picture><source srcset=\"https:\/\/www.ocealys.com\/app\/uploads\/2023\/03\/inventer2-1024x683.webp\" type=\"image\/webp\" \/><img src=\"https:\/\/www.ocealys.com\/app\/uploads\/2023\/03\/inventer2-1024x683.png\" width=\"1024\"  height=\"683\" class=\"wp-image-1020\" alt=\"Inventer2\" ><\/picture><\/figure>\n<\/figure>\n\n\n<section class=\"acf header-contenu\" id=\"inspirer\">\n    <div class=\"background-image\">\n                    <picture>\n                <source type=\"image\/webp\" srcset=\"https:\/\/www.ocealys.com\/app\/uploads\/2023\/03\/inspirer3-1200x690.webp, https:\/\/www.ocealys.com\/app\/uploads\/2023\/03\/inspirer3-1200x690@2x.webp 2x\">\n                <source type=\"image\/jpeg\" srcset=\"https:\/\/www.ocealys.com\/app\/uploads\/2023\/03\/inspirer3-1200x690.jpg, https:\/\/www.ocealys.com\/app\/uploads\/2023\/03\/inspirer3-1200x690@2x.jpg 2x\">\n                <img decoding=\"async\" loading=\"lazy\" src=\"https:\/\/www.ocealys.com\/app\/uploads\/2023\/03\/inspirer3-1200x690.jpg\" alt=\"\" width=\"1920\" height=\"690\"\/>\n            <\/picture>\n                <\/div>\n    <div class=\"container\">\n        <div class=\"content\">\n            <div class=\"wrapper\">\n                                    <div class=\"nombre-titre\">\n                                                            <div class=\"nombre\">\n                            02.\n                        <\/div>\n                                                                <h3 class=\"titre\">\n                            Take inspiration\n                        <\/h3>\n                                                        <\/div>\n                                                    <p class=\"description is-style-body-description\">\n                        from our suggestions for standard liquid or solid formulas:\r\n\r\n<br><br>\n                    <\/p>\n                                                    <div class=\"contenu\">\n                        <p><span class=\"soustitre\">the cares:<\/span><br \/>\nFace care, body care, hair care, technical and sensory care for SPAs or thalassotherapy, hygiene care, men&#8217;s care, baby care, care for pregnant women, scented skincare ranges, cosmeceutical skincare, dermocosmetic skincare<\/p>\n<p><span class=\"soustitre\">the textures:<\/span><br \/>\nCream textures, serum, lamellar or quick breack emulsions, gelled or biphasic waters, aqueous, liquid, sugar-ester bases, gel cream, foaming, transformation, powder, solid\u2026<\/p>\n<p><span style=\"color: #26437b;\">To create your skin care line inspired by our creative &amp; sensorial formulas 100% natural<\/span> or certifiable Cosmos Organic, Natural or Vegan, designed as real rituals to provide emotion and great sensation of well-being which are essential to preserve the health of our skin.<\/p>\n<p>We are also developing 100% natural sun care based on mineral filters and \u201ctailor-made\u201d baby care.<\/p>\n\n                    <\/div>\n                            <\/div>\n        <\/div>\n    <\/div>\n<\/section>\n\n\n<figure class=\"wp-block-gallery has-nested-images columns-default is-cropped wp-block-gallery-2 is-layout-flex wp-block-gallery-is-layout-flex\"data-scroll-section >\n<figure class=\"wp-block-image size-thumbnail\"><picture><source srcset=\"https:\/\/www.ocealys.com\/app\/uploads\/2023\/03\/inspirer1-150x150.webp\" type=\"image\/webp\" \/><img src=\"https:\/\/www.ocealys.com\/app\/uploads\/2023\/03\/inspirer1-150x150.jpg\" width=\"150\"  height=\"150\" class=\"wp-image-1034\" alt=\"Inspirer1\" loading=\"lazy\"><\/picture><\/figure>\n\n\n\n<figure class=\"wp-block-image size-large\"><picture><source srcset=\"https:\/\/www.ocealys.com\/app\/uploads\/2023\/03\/inspirer4-1024x675.webp\" type=\"image\/webp\" \/><img src=\"https:\/\/www.ocealys.com\/app\/uploads\/2023\/03\/inspirer4-1024x675.jpg\" width=\"1024\"  height=\"675\" class=\"wp-image-1040\" alt=\"Inspirer4\" loading=\"lazy\"><\/picture><\/figure>\n\n\n\n<figure class=\"wp-block-image size-large\"><picture><source srcset=\"https:\/\/www.ocealys.com\/app\/uploads\/2023\/03\/inspirer2-1024x614.webp\" type=\"image\/webp\" \/><img src=\"https:\/\/www.ocealys.com\/app\/uploads\/2023\/03\/inspirer2-1024x614.jpg\" width=\"1024\"  height=\"614\" class=\"wp-image-1036\" alt=\"Inspirer2\" loading=\"lazy\"><\/picture><\/figure>\n<\/figure>\n\n\n<section class=\"core core-file\" data-scroll-section><div class=\"container\">\n<div data-wp-interactive=\"core\/file\" class=\"wp-block-file aligncenter is-style-download\"><object data-wp-bind--hidden=\"!state.hasPdfPreview\" hidden class=\"wp-block-file__embed\" data=\"https:\/\/www.ocealys.com\/app\/uploads\/2023\/05\/catalogue-f.standard-ocealys.pdf\" type=\"application\/pdf\" style=\"width:100%;height:600px\" aria-label=\"Embed of Catalogue F.Standard OCEALYS.\"><\/object><a id=\"wp-block-file--media-38118c71-a954-45fc-8430-2ccbf0360954\" href=\"https:\/\/www.ocealys.com\/app\/uploads\/2023\/05\/catalogue-f.standard-ocealys.pdf\">Catalogue F.Standard OCEALYS<\/a><a href=\"https:\/\/www.ocealys.com\/app\/uploads\/2023\/05\/catalogue-f.standard-ocealys.pdf\" class=\"wp-block-file__button wp-element-button\" download aria-describedby=\"wp-block-file--media-38118c71-a954-45fc-8430-2ccbf0360954\"><strong>Download our STANDARD catalog<\/strong><\/a><\/div>\n<\/div><\/section>\n\n<section class=\"core core-group\" data-scroll-section><div class=\"container\">\n<div class=\"wp-block-group\"><div class=\"wp-block-group__inner-container is-layout-constrained wp-block-group-is-layout-constrained\">\n<h5 class=\"has-text-align-center is-style-default wp-block-heading\">Ask us for the samples and technical data sheets of your selection<br><a href=\"https:\/\/www.ocealys.com\/en\/contact\/\"><strong>Contact us<\/strong><\/a><\/h5>\n<\/div><\/div>\n<\/div><\/section>\n\n<section class=\"core-inline core-heading\" data-scroll-section><div class=\"container\">\n<h2 class=\"has-text-align-center wp-block-heading\">Our specialities<\/h2>\n<\/div><\/section>\n\n<section class=\"acf contenu-superpose-image\" id=\"\">\n    <div class=\"container\">\n        <div class=\"grid\">\n            <div class=\"content superpose text-color-light\">\n                <p><strong>100% natural or organic formulas<\/strong> that combine performance and sensoriality.<\/p>\n<p><strong>Marine cosmetic formulas<\/strong> incorporating a high concentration of mineral salts.<\/p>\n<p><strong>Innovative and holistic textures<\/strong>, at the top of technical and scientific knowhow of our profession.<\/p>\n\n            <\/div>\n            <div class=\"image arriere\">\n                <picture>\n                    <source type=\"image\/webp\" srcset=\"https:\/\/www.ocealys.com\/app\/uploads\/2023\/03\/dsc_0159_original-718x600.webp, https:\/\/www.ocealys.com\/app\/uploads\/2023\/03\/dsc_0159_original-718x600@2x.webp 2x\">\n                    <source type=\"image\/jpeg\" srcset=\"https:\/\/www.ocealys.com\/app\/uploads\/2023\/03\/dsc_0159_original-718x600.jpg, https:\/\/www.ocealys.com\/app\/uploads\/2023\/03\/dsc_0159_original-718x600@2x.jpg 2x\">\n                    <img decoding=\"async\" loading=\"lazy\" src=\"https:\/\/www.ocealys.com\/app\/uploads\/2023\/03\/dsc_0159_original-718x600.jpg\" alt=\"\" width=\"850\" height=\"600\"\/>\n                <\/picture>\n            <\/div>\n        <\/div>\n    <\/div>\n<\/section>\n\n<section class=\"core-inline core-buttons\" data-scroll-section><div class=\"container\">\n<div class=\"wp-block-buttons is-content-justification-center is-layout-flex wp-container-core-buttons-is-layout-16018d1d wp-block-buttons-is-layout-flex\">\n<div class=\"wp-block-button is-style-fleche\"><a class=\"wp-block-button__link wp-element-button\" href=\"https:\/\/www.ocealys.com\/en\/nos-prestations-full-service\/\">Our prestations &amp; full services<\/a><\/div>\n<\/div>\n<\/div><\/section>","protected":false},"excerpt":{"rendered":"<p>Our expertises Ask us for the samples and technical data sheets of your selectionContact us Our specialities<\/p>\n","protected":false},"author":1,"featured_media":0,"parent":0,"menu_order":0,"comment_status":"closed","ping_status":"closed","template":"","meta":{"footnotes":""},"class_list":["post-1302","page","type-page","status-publish","hentry"],"acf":[],"yoast_head":"<!-- This site is optimized with the Yoast SEO plugin v27.5 - https:\/\/yoast.com\/product\/yoast-seo-wordpress\/ -->\n<title>Our expertises - Laboratoire Oc\u00e9alys<\/title>\n<meta name=\"robots\" content=\"index, follow, max-snippet:-1, max-image-preview:large, max-video-preview:-1\" \/>\n<link rel=\"canonical\" href=\"https:\/\/www.ocealys.com\/en\/our-expertises\/\" \/>\n<meta property=\"og:locale\" content=\"en_US\" \/>\n<meta property=\"og:type\" content=\"article\" \/>\n<meta property=\"og:title\" content=\"Our expertises - Laboratoire Oc\u00e9alys\" \/>\n<meta property=\"og:description\" content=\"Our expertises Ask us for the samples and technical data sheets of your selectionContact us Our specialities\" \/>\n<meta property=\"og:url\" content=\"https:\/\/www.ocealys.com\/en\/our-expertises\/\" \/>\n<meta property=\"og:site_name\" content=\"Laboratoire Oc\u00e9alys\" \/>\n<meta property=\"article:modified_time\" content=\"2023-06-11T19:54:41+00:00\" \/>\n<meta property=\"og:image\" content=\"https:\/\/www.ocealys.com\/app\/uploads\/2023\/03\/inventer3-683x1024.png\" \/>\n<meta name=\"twitter:card\" content=\"summary_large_image\" \/>\n<meta name=\"twitter:label1\" content=\"Est. reading time\" \/>\n\t<meta name=\"twitter:data1\" content=\"2 minutes\" \/>\n<script type=\"application\/ld+json\" class=\"yoast-schema-graph\">{\"@context\":\"https:\\\/\\\/schema.org\",\"@graph\":[{\"@type\":\"WebPage\",\"@id\":\"https:\\\/\\\/www.ocealys.com\\\/en\\\/our-expertises\\\/\",\"url\":\"https:\\\/\\\/www.ocealys.com\\\/en\\\/our-expertises\\\/\",\"name\":\"Our expertises - Laboratoire Oc\u00e9alys\",\"isPartOf\":{\"@id\":\"https:\\\/\\\/www.ocealys.com\\\/en\\\/#website\"},\"primaryImageOfPage\":{\"@id\":\"https:\\\/\\\/www.ocealys.com\\\/en\\\/our-expertises\\\/#primaryimage\"},\"image\":{\"@id\":\"https:\\\/\\\/www.ocealys.com\\\/en\\\/our-expertises\\\/#primaryimage\"},\"thumbnailUrl\":\"https:\\\/\\\/www.ocealys.com\\\/app\\\/uploads\\\/2023\\\/03\\\/inventer3-683x1024.png\",\"datePublished\":\"2023-03-07T08:34:36+00:00\",\"dateModified\":\"2023-06-11T19:54:41+00:00\",\"breadcrumb\":{\"@id\":\"https:\\\/\\\/www.ocealys.com\\\/en\\\/our-expertises\\\/#breadcrumb\"},\"inLanguage\":\"en-US\",\"potentialAction\":[{\"@type\":\"ReadAction\",\"target\":[\"https:\\\/\\\/www.ocealys.com\\\/en\\\/our-expertises\\\/\"]}]},{\"@type\":\"ImageObject\",\"inLanguage\":\"en-US\",\"@id\":\"https:\\\/\\\/www.ocealys.com\\\/en\\\/our-expertises\\\/#primaryimage\",\"url\":\"https:\\\/\\\/www.ocealys.com\\\/app\\\/uploads\\\/2023\\\/03\\\/inventer3-683x1024.png\",\"contentUrl\":\"https:\\\/\\\/www.ocealys.com\\\/app\\\/uploads\\\/2023\\\/03\\\/inventer3-683x1024.png\"},{\"@type\":\"BreadcrumbList\",\"@id\":\"https:\\\/\\\/www.ocealys.com\\\/en\\\/our-expertises\\\/#breadcrumb\",\"itemListElement\":[{\"@type\":\"ListItem\",\"position\":1,\"name\":\"Home\",\"item\":\"https:\\\/\\\/www.ocealys.com\\\/en\\\/\"},{\"@type\":\"ListItem\",\"position\":2,\"name\":\"Our expertises\"}]},{\"@type\":\"WebSite\",\"@id\":\"https:\\\/\\\/www.ocealys.com\\\/en\\\/#website\",\"url\":\"https:\\\/\\\/www.ocealys.com\\\/en\\\/\",\"name\":\"Laboratoire Oc\u00e9alys\",\"description\":\"Des formules Monde 100% naturelles, pr\u00e9miums, certifi\u00e9es Ecocert, Vegan, Clean ... et con\u00e7ues selon la normes ISO 22716\",\"publisher\":{\"@id\":\"https:\\\/\\\/www.ocealys.com\\\/en\\\/#organization\"},\"potentialAction\":[{\"@type\":\"SearchAction\",\"target\":{\"@type\":\"EntryPoint\",\"urlTemplate\":\"https:\\\/\\\/www.ocealys.com\\\/en\\\/?s={search_term_string}\"},\"query-input\":{\"@type\":\"PropertyValueSpecification\",\"valueRequired\":true,\"valueName\":\"search_term_string\"}}],\"inLanguage\":\"en-US\"},{\"@type\":\"Organization\",\"@id\":\"https:\\\/\\\/www.ocealys.com\\\/en\\\/#organization\",\"name\":\"Laboratoire Oc\u00e9alys\",\"url\":\"https:\\\/\\\/www.ocealys.com\\\/en\\\/\",\"logo\":{\"@type\":\"ImageObject\",\"inLanguage\":\"en-US\",\"@id\":\"https:\\\/\\\/www.ocealys.com\\\/en\\\/#\\\/schema\\\/logo\\\/image\\\/\",\"url\":\"https:\\\/\\\/www.ocealys.com\\\/app\\\/uploads\\\/2023\\\/02\\\/cropped-ocelalys-favicon.png\",\"contentUrl\":\"https:\\\/\\\/www.ocealys.com\\\/app\\\/uploads\\\/2023\\\/02\\\/cropped-ocelalys-favicon.png\",\"width\":512,\"height\":512,\"caption\":\"Laboratoire Oc\u00e9alys\"},\"image\":{\"@id\":\"https:\\\/\\\/www.ocealys.com\\\/en\\\/#\\\/schema\\\/logo\\\/image\\\/\"}}]}<\/script>\n<!-- \/ Yoast SEO plugin. -->","yoast_head_json":{"title":"Our expertises - Laboratoire Oc\u00e9alys","robots":{"index":"index","follow":"follow","max-snippet":"max-snippet:-1","max-image-preview":"max-image-preview:large","max-video-preview":"max-video-preview:-1"},"canonical":"https:\/\/www.ocealys.com\/en\/our-expertises\/","og_locale":"en_US","og_type":"article","og_title":"Our expertises - Laboratoire Oc\u00e9alys","og_description":"Our expertises Ask us for the samples and technical data sheets of your selectionContact us Our specialities","og_url":"https:\/\/www.ocealys.com\/en\/our-expertises\/","og_site_name":"Laboratoire Oc\u00e9alys","article_modified_time":"2023-06-11T19:54:41+00:00","og_image":[{"url":"https:\/\/www.ocealys.com\/app\/uploads\/2023\/03\/inventer3-683x1024.png","type":"","width":"","height":""}],"twitter_card":"summary_large_image","twitter_misc":{"Est. reading time":"2 minutes"},"schema":{"@context":"https:\/\/schema.org","@graph":[{"@type":"WebPage","@id":"https:\/\/www.ocealys.com\/en\/our-expertises\/","url":"https:\/\/www.ocealys.com\/en\/our-expertises\/","name":"Our expertises - Laboratoire Oc\u00e9alys","isPartOf":{"@id":"https:\/\/www.ocealys.com\/en\/#website"},"primaryImageOfPage":{"@id":"https:\/\/www.ocealys.com\/en\/our-expertises\/#primaryimage"},"image":{"@id":"https:\/\/www.ocealys.com\/en\/our-expertises\/#primaryimage"},"thumbnailUrl":"https:\/\/www.ocealys.com\/app\/uploads\/2023\/03\/inventer3-683x1024.png","datePublished":"2023-03-07T08:34:36+00:00","dateModified":"2023-06-11T19:54:41+00:00","breadcrumb":{"@id":"https:\/\/www.ocealys.com\/en\/our-expertises\/#breadcrumb"},"inLanguage":"en-US","potentialAction":[{"@type":"ReadAction","target":["https:\/\/www.ocealys.com\/en\/our-expertises\/"]}]},{"@type":"ImageObject","inLanguage":"en-US","@id":"https:\/\/www.ocealys.com\/en\/our-expertises\/#primaryimage","url":"https:\/\/www.ocealys.com\/app\/uploads\/2023\/03\/inventer3-683x1024.png","contentUrl":"https:\/\/www.ocealys.com\/app\/uploads\/2023\/03\/inventer3-683x1024.png"},{"@type":"BreadcrumbList","@id":"https:\/\/www.ocealys.com\/en\/our-expertises\/#breadcrumb","itemListElement":[{"@type":"ListItem","position":1,"name":"Home","item":"https:\/\/www.ocealys.com\/en\/"},{"@type":"ListItem","position":2,"name":"Our expertises"}]},{"@type":"WebSite","@id":"https:\/\/www.ocealys.com\/en\/#website","url":"https:\/\/www.ocealys.com\/en\/","name":"Laboratoire Oc\u00e9alys","description":"Des formules Monde 100% naturelles, pr\u00e9miums, certifi\u00e9es Ecocert, Vegan, Clean ... et con\u00e7ues selon la normes ISO 22716","publisher":{"@id":"https:\/\/www.ocealys.com\/en\/#organization"},"potentialAction":[{"@type":"SearchAction","target":{"@type":"EntryPoint","urlTemplate":"https:\/\/www.ocealys.com\/en\/?s={search_term_string}"},"query-input":{"@type":"PropertyValueSpecification","valueRequired":true,"valueName":"search_term_string"}}],"inLanguage":"en-US"},{"@type":"Organization","@id":"https:\/\/www.ocealys.com\/en\/#organization","name":"Laboratoire Oc\u00e9alys","url":"https:\/\/www.ocealys.com\/en\/","logo":{"@type":"ImageObject","inLanguage":"en-US","@id":"https:\/\/www.ocealys.com\/en\/#\/schema\/logo\/image\/","url":"https:\/\/www.ocealys.com\/app\/uploads\/2023\/02\/cropped-ocelalys-favicon.png","contentUrl":"https:\/\/www.ocealys.com\/app\/uploads\/2023\/02\/cropped-ocelalys-favicon.png","width":512,"height":512,"caption":"Laboratoire Oc\u00e9alys"},"image":{"@id":"https:\/\/www.ocealys.com\/en\/#\/schema\/logo\/image\/"}}]}},"_links":{"self":[{"href":"https:\/\/www.ocealys.com\/en\/wp-json\/wp\/v2\/pages\/1302","targetHints":{"allow":["GET"]}}],"collection":[{"href":"https:\/\/www.ocealys.com\/en\/wp-json\/wp\/v2\/pages"}],"about":[{"href":"https:\/\/www.ocealys.com\/en\/wp-json\/wp\/v2\/types\/page"}],"author":[{"embeddable":true,"href":"https:\/\/www.ocealys.com\/en\/wp-json\/wp\/v2\/users\/1"}],"replies":[{"embeddable":true,"href":"https:\/\/www.ocealys.com\/en\/wp-json\/wp\/v2\/comments?post=1302"}],"version-history":[{"count":16,"href":"https:\/\/www.ocealys.com\/en\/wp-json\/wp\/v2\/pages\/1302\/revisions"}],"predecessor-version":[{"id":1636,"href":"https:\/\/www.ocealys.com\/en\/wp-json\/wp\/v2\/pages\/1302\/revisions\/1636"}],"wp:attachment":[{"href":"https:\/\/www.ocealys.com\/en\/wp-json\/wp\/v2\/media?parent=1302"}],"curies":[{"name":"wp","href":"https:\/\/api.w.org\/{rel}","templated":true}]}}