{"id":1303,"date":"2023-03-07T09:34:52","date_gmt":"2023-03-07T08:34:52","guid":{"rendered":"https:\/\/www.ocealys.com\/nos-prestations-full-service\/"},"modified":"2023-05-15T15:16:13","modified_gmt":"2023-05-15T13:16:13","slug":"nos-prestations-full-service","status":"publish","type":"page","link":"https:\/\/www.ocealys.com\/en\/nos-prestations-full-service\/","title":{"rendered":"Our full service &#8211; The creation of our cosmetic brand"},"content":{"rendered":"<section class=\"core-inline core-heading\" data-scroll-section><div class=\"container\">\n<h2 class=\"has-text-align-center wp-block-heading\">Our full service &#8211; The creation of our cosmetic brand<\/h2>\n<\/div><\/section>\n\n<section class=\"core-inline core-paragraph\" data-scroll-section><div class=\"container\">\n<p class=\"has-text-align-center is-style-body-description\">Our design charter \u2013 Method and Philosophy<\/p>\n<\/div><\/section>\n\n<section class=\"acf slider-expertises\" id=\"\">\n            <div class=\"swiper\" data-slider=\"slider-expertises\">\n            <div class=\"swiper-wrapper\">\n                                    <div class=\"swiper-slide has-rose-background-color\">\n                        <div class=\"image\">\n                            <picture>\n                                <source type=\"image\/webp\" srcset=\"https:\/\/www.ocealys.com\/app\/uploads\/2023\/03\/01-larencontre-200x200.webp, https:\/\/www.ocealys.com\/app\/uploads\/2023\/03\/01-larencontre-200x200@2x.webp 2x\">\n                                <source type=\"image\/jpeg\" srcset=\"https:\/\/www.ocealys.com\/app\/uploads\/2023\/03\/01-larencontre-200x200.jpg, https:\/\/www.ocealys.com\/app\/uploads\/2023\/03\/01-larencontre-200x200@2x.jpg 2x\">\n                                <img decoding=\"async\" loading=\"eager\" src=\"https:\/\/www.ocealys.com\/app\/uploads\/2023\/03\/01-larencontre-200x200.jpg\" alt=\"\" width=\"200\" height=\"200\"\/>\n                            <\/picture>\n                        <\/div>\n                        <div class=\"content\">\n                            <div class=\"nombre-titre\">\n                                                                    <div class=\"nombre\">01.<\/div>\n                                                                                                    <h3 class=\"titre\">Meeting<\/h3>\n                                                            <\/div>\n                            <ul>\n<li>The presentation of your development project and the comprehension of the <strong>identity<\/strong> and <strong>philosophy<\/strong> of your brand,<\/li>\n<li>The <strong>transmission<\/strong> of your brief and specifications,<\/li>\n<li>The <strong>requirement<\/strong> of your blacklists, your claims and compliance wishes, your certification projects.<\/li>\n<\/ul>\n\n                        <\/div>\n                    <\/div>\n                                    <div class=\"swiper-slide has-vert-background-color\">\n                        <div class=\"image\">\n                            <picture>\n                                <source type=\"image\/webp\" srcset=\"https:\/\/www.ocealys.com\/app\/uploads\/2023\/03\/02-creationconcept-200x200.webp, https:\/\/www.ocealys.com\/app\/uploads\/2023\/03\/02-creationconcept-200x200@2x.webp 2x\">\n                                <source type=\"image\/jpeg\" srcset=\"https:\/\/www.ocealys.com\/app\/uploads\/2023\/03\/02-creationconcept-200x200.jpg, https:\/\/www.ocealys.com\/app\/uploads\/2023\/03\/02-creationconcept-200x200@2x.jpg 2x\">\n                                <img decoding=\"async\" loading=\"eager\" src=\"https:\/\/www.ocealys.com\/app\/uploads\/2023\/03\/02-creationconcept-200x200.jpg\" alt=\"\" width=\"200\" height=\"200\"\/>\n                            <\/picture>\n                        <\/div>\n                        <div class=\"content\">\n                            <div class=\"nombre-titre\">\n                                                                    <div class=\"nombre\">02.<\/div>\n                                                                                                    <h3 class=\"titre\">Creation of the concept<\/h3>\n                                                            <\/div>\n                            <ul>\n<li>The drafting of a <strong>book of ideas<\/strong> in response to the concept of your skin care line project,<\/li>\n<li><strong>Suggestions<\/strong> with active ingredients selection and especially with natural or biotechnological resources origin,<\/li>\n<li>or proposals to support you in the <strong>creation<\/strong> of an exclusive active ingredient or a unique combination, up to the EU patent with our R&amp;D center.<\/li>\n<li>For a complete conceptual <strong>approach<\/strong> of your skincare line development project.<\/li>\n<\/ul>\n\n                        <\/div>\n                    <\/div>\n                                    <div class=\"swiper-slide has-jaune-background-color\">\n                        <div class=\"image\">\n                            <picture>\n                                <source type=\"image\/webp\" srcset=\"https:\/\/www.ocealys.com\/app\/uploads\/2023\/03\/03-laformulation-200x200.webp, https:\/\/www.ocealys.com\/app\/uploads\/2023\/03\/03-laformulation-200x200@2x.webp 2x\">\n                                <source type=\"image\/jpeg\" srcset=\"https:\/\/www.ocealys.com\/app\/uploads\/2023\/03\/03-laformulation-200x200.jpg, https:\/\/www.ocealys.com\/app\/uploads\/2023\/03\/03-laformulation-200x200@2x.jpg 2x\">\n                                <img decoding=\"async\" loading=\"eager\" src=\"https:\/\/www.ocealys.com\/app\/uploads\/2023\/03\/03-laformulation-200x200.jpg\" alt=\"\" width=\"200\" height=\"200\"\/>\n                            <\/picture>\n                        <\/div>\n                        <div class=\"content\">\n                            <div class=\"nombre-titre\">\n                                                                    <div class=\"nombre\">03.<\/div>\n                                                                                                    <h3 class=\"titre\">Formulation<\/h3>\n                                                            <\/div>\n                            <ul>\n<li>Formulation of <strong>innovative<\/strong> and sensorial textures, inspired by the more recent formulation technologies,<\/li>\n<li>Formulas designed according to your quality <strong>charter<\/strong>, clean, Vegan, Cosmos, 100% natural, Yuka etc..<\/li>\n<li>Proposals for creative paths for each formulation,<\/li>\n<li>Continuous teamwork until agreement of the formula, <strong>without limit of the number of round formulas submissions<\/strong>.<\/li>\n<\/ul>\n\n                        <\/div>\n                    <\/div>\n                                    <div class=\"swiper-slide has-bleu-clair-background-color\">\n                        <div class=\"image\">\n                            <picture>\n                                <source type=\"image\/webp\" srcset=\"https:\/\/www.ocealys.com\/app\/uploads\/2023\/03\/04-sourcingpckaging-200x200.webp, https:\/\/www.ocealys.com\/app\/uploads\/2023\/03\/04-sourcingpckaging-200x200@2x.webp 2x\">\n                                <source type=\"image\/jpeg\" srcset=\"https:\/\/www.ocealys.com\/app\/uploads\/2023\/03\/04-sourcingpckaging-200x200.jpg, https:\/\/www.ocealys.com\/app\/uploads\/2023\/03\/04-sourcingpckaging-200x200@2x.jpg 2x\">\n                                <img decoding=\"async\" loading=\"eager\" src=\"https:\/\/www.ocealys.com\/app\/uploads\/2023\/03\/04-sourcingpckaging-200x200.jpg\" alt=\"\" width=\"200\" height=\"200\"\/>\n                            <\/picture>\n                        <\/div>\n                        <div class=\"content\">\n                            <div class=\"nombre-titre\">\n                                                                    <div class=\"nombre\">04.<\/div>\n                                                                                                    <h3 class=\"titre\">Packaging Sourcing<\/h3>\n                                                            <\/div>\n                            <ul>\n<li>Following to your wishes, assist you in the <strong>research of your future packaging<\/strong>,<\/li>\n<li>Putting you in touch if necessary with our graphic designers, <strong>find solutions according to your financial objectives<\/strong>,<\/li>\n<li>A<strong> force of proposal<\/strong> and innovation in the research for recyclable, recycled, rechargeable, eco-designed packaging\u2019s<\/li>\n<\/ul>\n\n                        <\/div>\n                    <\/div>\n                                    <div class=\"swiper-slide has-rose-background-color\">\n                        <div class=\"image\">\n                            <picture>\n                                <source type=\"image\/webp\" srcset=\"https:\/\/www.ocealys.com\/app\/uploads\/2023\/03\/05-phasepilote-200x200.webp, https:\/\/www.ocealys.com\/app\/uploads\/2023\/03\/05-phasepilote-200x200@2x.webp 2x\">\n                                <source type=\"image\/jpeg\" srcset=\"https:\/\/www.ocealys.com\/app\/uploads\/2023\/03\/05-phasepilote-200x200.jpg, https:\/\/www.ocealys.com\/app\/uploads\/2023\/03\/05-phasepilote-200x200@2x.jpg 2x\">\n                                <img decoding=\"async\" loading=\"eager\" src=\"https:\/\/www.ocealys.com\/app\/uploads\/2023\/03\/05-phasepilote-200x200.jpg\" alt=\"\" width=\"200\" height=\"200\"\/>\n                            <\/picture>\n                        <\/div>\n                        <div class=\"content\">\n                            <div class=\"nombre-titre\">\n                                                                    <div class=\"nombre\">05.<\/div>\n                                                                                                    <h3 class=\"titre\">Pilote manufacturing \/ Pre-serie<\/h3>\n                                                            <\/div>\n                            <ul>\n<li><strong>Industrial transposition<\/strong> of your formula on our high-performance pilot equipments: OLZA 2kg and TRILAB 10Kg,<\/li>\n<li>To offer you <strong>pre-series<\/strong> for your press or pre-commercial launches,<\/li>\n<li><strong>Manufacture of prototypes<\/strong> for your clinical or consumer tests.<\/li>\n<\/ul>\n\n                        <\/div>\n                    <\/div>\n                                    <div class=\"swiper-slide has-vert-background-color\">\n                        <div class=\"image\">\n                            <picture>\n                                <source type=\"image\/webp\" srcset=\"https:\/\/www.ocealys.com\/app\/uploads\/2023\/03\/06-phasetest-200x200.webp, https:\/\/www.ocealys.com\/app\/uploads\/2023\/03\/06-phasetest-200x200@2x.webp 2x\">\n                                <source type=\"image\/jpeg\" srcset=\"https:\/\/www.ocealys.com\/app\/uploads\/2023\/03\/06-phasetest-200x200.jpg, https:\/\/www.ocealys.com\/app\/uploads\/2023\/03\/06-phasetest-200x200@2x.jpg 2x\">\n                                <img decoding=\"async\" loading=\"eager\" src=\"https:\/\/www.ocealys.com\/app\/uploads\/2023\/03\/06-phasetest-200x200.jpg\" alt=\"\" width=\"200\" height=\"200\"\/>\n                            <\/picture>\n                        <\/div>\n                        <div class=\"content\">\n                            <div class=\"nombre-titre\">\n                                                                    <div class=\"nombre\">06.<\/div>\n                                                                                                    <h3 class=\"titre\">Tests<\/h3>\n                                                            <\/div>\n                            <ul>\n<li>A <strong>perfect<\/strong> methodology to guarantee the life of your product: tested in all conditions, in climatic chamber, cold, artificial lights, ovens at 45\u00b0C and 50\u00b0C and our latest TURBISCAN to anticipate the occurrence of instability.<\/li>\n<li><strong>Compatibility<\/strong> <strong>tests<\/strong> with your packaging,<br \/>\nChallenge tests to guarantee the preservation of your product,<\/li>\n<li>Skin tolerance tests under <strong>dermatological<\/strong> <strong>control<\/strong> with our clinical center partners.<\/li>\n<li>Advice or offer for carrying out <strong>clinical<\/strong> <strong>use<\/strong> <strong>tests<\/strong>, instrumental tests, depending on the desired claims.<\/li>\n<\/ul>\n\n                        <\/div>\n                    <\/div>\n                                    <div class=\"swiper-slide has-jaune-background-color\">\n                        <div class=\"image\">\n                            <picture>\n                                <source type=\"image\/webp\" srcset=\"https:\/\/www.ocealys.com\/app\/uploads\/2023\/03\/07-phasereglementation-200x200.webp, https:\/\/www.ocealys.com\/app\/uploads\/2023\/03\/07-phasereglementation-200x200@2x.webp 2x\">\n                                <source type=\"image\/jpeg\" srcset=\"https:\/\/www.ocealys.com\/app\/uploads\/2023\/03\/07-phasereglementation-200x200.jpg, https:\/\/www.ocealys.com\/app\/uploads\/2023\/03\/07-phasereglementation-200x200@2x.jpg 2x\">\n                                <img decoding=\"async\" loading=\"eager\" src=\"https:\/\/www.ocealys.com\/app\/uploads\/2023\/03\/07-phasereglementation-200x200.jpg\" alt=\"\" width=\"200\" height=\"200\"\/>\n                            <\/picture>\n                        <\/div>\n                        <div class=\"content\">\n                            <div class=\"nombre-titre\">\n                                                                    <div class=\"nombre\">07<\/div>\n                                                                                                    <h3 class=\"titre\">CEE &#038; International Regulatory<\/h3>\n                                                            <\/div>\n                            <ul>\n<li>The realization of parts A and B of the <strong>toxicological expertise<\/strong>, in collaboration with our expert-toxicologist partners,<\/li>\n<li>The drafting of <strong>Product Information Files<\/strong> according to European regulations,<\/li>\n<li>Compliance assistance for the conformity of your products according to your export countries,<\/li>\n<li><strong>Regulatory support<\/strong> for the drafting of your product text projects according to your claims,<\/li>\n<li>The <strong>certification<\/strong> of your formulas: Ecocert\/Cosmos, Vegan Society, Cruelty free, ICEA, Leaping bunny etc\u2026<\/li>\n<\/ul>\n\n                        <\/div>\n                    <\/div>\n                                    <div class=\"swiper-slide has-bleu-clair-background-color\">\n                        <div class=\"image\">\n                            <picture>\n                                <source type=\"image\/webp\" srcset=\"https:\/\/www.ocealys.com\/app\/uploads\/2023\/03\/08_production-200x200.webp, https:\/\/www.ocealys.com\/app\/uploads\/2023\/03\/08_production-200x200@2x.webp 2x\">\n                                <source type=\"image\/jpeg\" srcset=\"https:\/\/www.ocealys.com\/app\/uploads\/2023\/03\/08_production-200x200.jpg, https:\/\/www.ocealys.com\/app\/uploads\/2023\/03\/08_production-200x200@2x.jpg 2x\">\n                                <img decoding=\"async\" loading=\"eager\" src=\"https:\/\/www.ocealys.com\/app\/uploads\/2023\/03\/08_production-200x200.jpg\" alt=\"\" width=\"200\" height=\"200\"\/>\n                            <\/picture>\n                        <\/div>\n                        <div class=\"content\">\n                            <div class=\"nombre-titre\">\n                                                                    <div class=\"nombre\">08<\/div>\n                                                                                                    <h3 class=\"titre\">Full service production<\/h3>\n                                                            <\/div>\n                            <ul>\n<li>The industrial production of your skin care line in <strong>full service<\/strong> with our CMO partners, according to GMP standards and ISO 22716 &amp; ECOCERT certifications.<\/li>\n<li>The <strong>flexibility<\/strong> of our equipment to adapt to your series sizes: small, medium and large<\/li>\n<li>The <strong>involvement<\/strong> and <strong>availability<\/strong> of our team in controlling timelines.<\/li>\n<li>The <strong>optimization<\/strong> of industrial costs.<\/li>\n<\/ul>\n\n                        <\/div>\n                    <\/div>\n                            <\/div>\n            <div class=\"arrows\">\n                <div class=\"swiper-button-prev\"><\/div>\n                <div class=\"swiper-button-next\"><\/div>\n            <\/div>\n        <\/div>\n    <\/section>\n\n<section class=\"core-inline core-buttons\" data-scroll-section><div class=\"container\">\n<div class=\"wp-block-buttons is-content-justification-center is-layout-flex wp-container-core-buttons-is-layout-16018d1d wp-block-buttons-is-layout-flex\">\n<div class=\"wp-block-button is-style-fleche\"><a class=\"wp-block-button__link wp-element-button\" href=\"https:\/\/www.ocealys.com\/en\/nos-actualites\/\">our NEWS<\/a><\/div>\n<\/div>\n<\/div><\/section>","protected":false},"excerpt":{"rendered":"<p>Our full service &#8211; The creation of our cosmetic brand Our design charter \u2013 Method and Philosophy<\/p>\n","protected":false},"author":1,"featured_media":0,"parent":0,"menu_order":0,"comment_status":"closed","ping_status":"closed","template":"","meta":{"footnotes":""},"class_list":["post-1303","page","type-page","status-publish","hentry"],"acf":[],"yoast_head":"<!-- This site is optimized with the Yoast SEO plugin v27.1.1 - https:\/\/yoast.com\/product\/yoast-seo-wordpress\/ -->\n<title>Our full service - The creation of our cosmetic brand - Laboratoire Oc\u00e9alys<\/title>\n<meta name=\"robots\" content=\"index, follow, max-snippet:-1, max-image-preview:large, max-video-preview:-1\" \/>\n<link rel=\"canonical\" href=\"https:\/\/www.ocealys.com\/en\/nos-prestations-full-service\/\" \/>\n<meta property=\"og:locale\" content=\"en_US\" \/>\n<meta property=\"og:type\" content=\"article\" \/>\n<meta property=\"og:title\" content=\"Our full service - The creation of our cosmetic brand - Laboratoire Oc\u00e9alys\" \/>\n<meta property=\"og:description\" content=\"Our full service &#8211; The creation of our cosmetic brand Our design charter \u2013 Method and Philosophy\" \/>\n<meta property=\"og:url\" content=\"https:\/\/www.ocealys.com\/en\/nos-prestations-full-service\/\" \/>\n<meta property=\"og:site_name\" content=\"Laboratoire Oc\u00e9alys\" \/>\n<meta property=\"article:modified_time\" content=\"2023-05-15T13:16:13+00:00\" \/>\n<meta name=\"twitter:card\" content=\"summary_large_image\" \/>\n<meta name=\"twitter:label1\" content=\"Est. reading time\" \/>\n\t<meta name=\"twitter:data1\" content=\"1 minute\" \/>\n<script type=\"application\/ld+json\" class=\"yoast-schema-graph\">{\"@context\":\"https:\/\/schema.org\",\"@graph\":[{\"@type\":\"WebPage\",\"@id\":\"https:\/\/www.ocealys.com\/en\/nos-prestations-full-service\/\",\"url\":\"https:\/\/www.ocealys.com\/en\/nos-prestations-full-service\/\",\"name\":\"Our full service - The creation of our cosmetic brand - Laboratoire Oc\u00e9alys\",\"isPartOf\":{\"@id\":\"https:\/\/www.ocealys.com\/en\/#website\"},\"datePublished\":\"2023-03-07T08:34:52+00:00\",\"dateModified\":\"2023-05-15T13:16:13+00:00\",\"breadcrumb\":{\"@id\":\"https:\/\/www.ocealys.com\/en\/nos-prestations-full-service\/#breadcrumb\"},\"inLanguage\":\"en-US\",\"potentialAction\":[{\"@type\":\"ReadAction\",\"target\":[\"https:\/\/www.ocealys.com\/en\/nos-prestations-full-service\/\"]}]},{\"@type\":\"BreadcrumbList\",\"@id\":\"https:\/\/www.ocealys.com\/en\/nos-prestations-full-service\/#breadcrumb\",\"itemListElement\":[{\"@type\":\"ListItem\",\"position\":1,\"name\":\"Home\",\"item\":\"https:\/\/www.ocealys.com\/en\/\"},{\"@type\":\"ListItem\",\"position\":2,\"name\":\"Our full service &#8211; The creation of our cosmetic brand\"}]},{\"@type\":\"WebSite\",\"@id\":\"https:\/\/www.ocealys.com\/en\/#website\",\"url\":\"https:\/\/www.ocealys.com\/en\/\",\"name\":\"Laboratoire Oc\u00e9alys\",\"description\":\"Des formules Monde 100% naturelles, pr\u00e9miums, certifi\u00e9es Ecocert, Vegan, Clean ... et con\u00e7ues selon la normes ISO 22716\",\"publisher\":{\"@id\":\"https:\/\/www.ocealys.com\/en\/#organization\"},\"potentialAction\":[{\"@type\":\"SearchAction\",\"target\":{\"@type\":\"EntryPoint\",\"urlTemplate\":\"https:\/\/www.ocealys.com\/en\/?s={search_term_string}\"},\"query-input\":{\"@type\":\"PropertyValueSpecification\",\"valueRequired\":true,\"valueName\":\"search_term_string\"}}],\"inLanguage\":\"en-US\"},{\"@type\":\"Organization\",\"@id\":\"https:\/\/www.ocealys.com\/en\/#organization\",\"name\":\"Laboratoire Oc\u00e9alys\",\"url\":\"https:\/\/www.ocealys.com\/en\/\",\"logo\":{\"@type\":\"ImageObject\",\"inLanguage\":\"en-US\",\"@id\":\"https:\/\/www.ocealys.com\/en\/#\/schema\/logo\/image\/\",\"url\":\"https:\/\/www.ocealys.com\/app\/uploads\/2023\/02\/cropped-ocelalys-favicon.png\",\"contentUrl\":\"https:\/\/www.ocealys.com\/app\/uploads\/2023\/02\/cropped-ocelalys-favicon.png\",\"width\":512,\"height\":512,\"caption\":\"Laboratoire Oc\u00e9alys\"},\"image\":{\"@id\":\"https:\/\/www.ocealys.com\/en\/#\/schema\/logo\/image\/\"}}]}<\/script>\n<!-- \/ Yoast SEO plugin. -->","yoast_head_json":{"title":"Our full service - The creation of our cosmetic brand - Laboratoire Oc\u00e9alys","robots":{"index":"index","follow":"follow","max-snippet":"max-snippet:-1","max-image-preview":"max-image-preview:large","max-video-preview":"max-video-preview:-1"},"canonical":"https:\/\/www.ocealys.com\/en\/nos-prestations-full-service\/","og_locale":"en_US","og_type":"article","og_title":"Our full service - The creation of our cosmetic brand - Laboratoire Oc\u00e9alys","og_description":"Our full service &#8211; The creation of our cosmetic brand Our design charter \u2013 Method and Philosophy","og_url":"https:\/\/www.ocealys.com\/en\/nos-prestations-full-service\/","og_site_name":"Laboratoire Oc\u00e9alys","article_modified_time":"2023-05-15T13:16:13+00:00","twitter_card":"summary_large_image","twitter_misc":{"Est. reading time":"1 minute"},"schema":{"@context":"https:\/\/schema.org","@graph":[{"@type":"WebPage","@id":"https:\/\/www.ocealys.com\/en\/nos-prestations-full-service\/","url":"https:\/\/www.ocealys.com\/en\/nos-prestations-full-service\/","name":"Our full service - The creation of our cosmetic brand - Laboratoire Oc\u00e9alys","isPartOf":{"@id":"https:\/\/www.ocealys.com\/en\/#website"},"datePublished":"2023-03-07T08:34:52+00:00","dateModified":"2023-05-15T13:16:13+00:00","breadcrumb":{"@id":"https:\/\/www.ocealys.com\/en\/nos-prestations-full-service\/#breadcrumb"},"inLanguage":"en-US","potentialAction":[{"@type":"ReadAction","target":["https:\/\/www.ocealys.com\/en\/nos-prestations-full-service\/"]}]},{"@type":"BreadcrumbList","@id":"https:\/\/www.ocealys.com\/en\/nos-prestations-full-service\/#breadcrumb","itemListElement":[{"@type":"ListItem","position":1,"name":"Home","item":"https:\/\/www.ocealys.com\/en\/"},{"@type":"ListItem","position":2,"name":"Our full service &#8211; The creation of our cosmetic brand"}]},{"@type":"WebSite","@id":"https:\/\/www.ocealys.com\/en\/#website","url":"https:\/\/www.ocealys.com\/en\/","name":"Laboratoire Oc\u00e9alys","description":"Des formules Monde 100% naturelles, pr\u00e9miums, certifi\u00e9es Ecocert, Vegan, Clean ... et con\u00e7ues selon la normes ISO 22716","publisher":{"@id":"https:\/\/www.ocealys.com\/en\/#organization"},"potentialAction":[{"@type":"SearchAction","target":{"@type":"EntryPoint","urlTemplate":"https:\/\/www.ocealys.com\/en\/?s={search_term_string}"},"query-input":{"@type":"PropertyValueSpecification","valueRequired":true,"valueName":"search_term_string"}}],"inLanguage":"en-US"},{"@type":"Organization","@id":"https:\/\/www.ocealys.com\/en\/#organization","name":"Laboratoire Oc\u00e9alys","url":"https:\/\/www.ocealys.com\/en\/","logo":{"@type":"ImageObject","inLanguage":"en-US","@id":"https:\/\/www.ocealys.com\/en\/#\/schema\/logo\/image\/","url":"https:\/\/www.ocealys.com\/app\/uploads\/2023\/02\/cropped-ocelalys-favicon.png","contentUrl":"https:\/\/www.ocealys.com\/app\/uploads\/2023\/02\/cropped-ocelalys-favicon.png","width":512,"height":512,"caption":"Laboratoire Oc\u00e9alys"},"image":{"@id":"https:\/\/www.ocealys.com\/en\/#\/schema\/logo\/image\/"}}]}},"_links":{"self":[{"href":"https:\/\/www.ocealys.com\/en\/wp-json\/wp\/v2\/pages\/1303","targetHints":{"allow":["GET"]}}],"collection":[{"href":"https:\/\/www.ocealys.com\/en\/wp-json\/wp\/v2\/pages"}],"about":[{"href":"https:\/\/www.ocealys.com\/en\/wp-json\/wp\/v2\/types\/page"}],"author":[{"embeddable":true,"href":"https:\/\/www.ocealys.com\/en\/wp-json\/wp\/v2\/users\/1"}],"replies":[{"embeddable":true,"href":"https:\/\/www.ocealys.com\/en\/wp-json\/wp\/v2\/comments?post=1303"}],"version-history":[{"count":4,"href":"https:\/\/www.ocealys.com\/en\/wp-json\/wp\/v2\/pages\/1303\/revisions"}],"predecessor-version":[{"id":1549,"href":"https:\/\/www.ocealys.com\/en\/wp-json\/wp\/v2\/pages\/1303\/revisions\/1549"}],"wp:attachment":[{"href":"https:\/\/www.ocealys.com\/en\/wp-json\/wp\/v2\/media?parent=1303"}],"curies":[{"name":"wp","href":"https:\/\/api.w.org\/{rel}","templated":true}]}}