{"id":1305,"date":"2023-03-01T16:18:46","date_gmt":"2023-03-01T15:18:46","guid":{"rendered":"https:\/\/www.ocealys.com\/notre-univers\/"},"modified":"2023-05-10T22:41:10","modified_gmt":"2023-05-10T20:41:10","slug":"notre-univers","status":"publish","type":"page","link":"https:\/\/www.ocealys.com\/en\/notre-univers\/","title":{"rendered":"Our universe of creation"},"content":{"rendered":"<section class=\"acf titre-contenu-images-superposees\" id=\"\">\n    <div class=\"container\">\n        <div class=\"intro\">\n            <h1 class=\"heading-one titre\">Our universe of creation<\/h1>\n            <span class=\"soustitre\">The Nature inspires us<\/span>\n            <p class=\"description is-style-body-description\">OCEALYS has been established in Brest (France) for 30 years, with its laboratory facing the ocean.<\/p>\n        <\/div>\n\n            <div class=\"images\">\n                <div class=\"image arriere\">\n                    <picture>\n                        <source type=\"image\/webp\" srcset=\"https:\/\/www.ocealys.com\/app\/uploads\/2023\/02\/3notre-univers-800x550.webp, https:\/\/www.ocealys.com\/app\/uploads\/2023\/02\/3notre-univers-800x550@2x.webp 2x\">\n                        <source type=\"image\/jpeg\" srcset=\"https:\/\/www.ocealys.com\/app\/uploads\/2023\/02\/3notre-univers-800x550.jpg, https:\/\/www.ocealys.com\/app\/uploads\/2023\/02\/3notre-univers-800x550@2x.jpg 2x\">\n                        <img decoding=\"async\" loading=\"lazy\" src=\"https:\/\/www.ocealys.com\/app\/uploads\/2023\/02\/3notre-univers-800x550.jpg\" alt=\"\" width=\"800\" height=\"550\"\/>\n                    <\/picture>\n                    <div class=\"shape-left\"><\/div>\n                <\/div>\n                <div class=\"image superposee\">\n                    <picture>\n                        <source type=\"image\/webp\" srcset=\"https:\/\/www.ocealys.com\/app\/uploads\/2023\/03\/marie-laure-430x530.webp, https:\/\/www.ocealys.com\/app\/uploads\/2023\/03\/marie-laure-430x530@2x.webp 2x\">\n                        <source type=\"image\/jpeg\" srcset=\"https:\/\/www.ocealys.com\/app\/uploads\/2023\/03\/marie-laure-430x530.jpg, https:\/\/www.ocealys.com\/app\/uploads\/2023\/03\/marie-laure-430x530@2x.jpg 2x\">\n                        <img decoding=\"async\" loading=\"lazy\" src=\"https:\/\/www.ocealys.com\/app\/uploads\/2023\/03\/marie-laure-430x530.jpg\" alt=\"\" width=\"435\" height=\"530\"\/>\n                    <\/picture>\n                    <div class=\"shape-right\"><\/div>\n                <\/div>\n            <\/div>\n        <div class=\"content\"><h2>Biomimetic cosmetics inspired by the benefits of Nature<\/h2>\n<p>They are inspired by the living and what exists, <span style=\"color: #26437b;\">the natural and effective solutions given by Nature<\/span>, to create skincare and to formulate textures that draw their innovation from biomimicry.<\/p>\n<p>They are respectful of the skin and the environment and designed in a <span style=\"color: #26437b;\">sustainable development approach<\/span>.<\/p>\n<p>They are linked to a <span style=\"color: #26437b;\">scientific knowhow<\/span> that demonstrates its benefits and without any toxicity.<\/p>\n<\/div>\n    <\/div>\n<\/section>\n\n<section class=\"acf icon-contenu-image\" id=\"monde-marin\">\n    <div class=\"grid-container ordre-normal\">\n\n                    <div class=\"image\">\n                <picture>\n                    <source type=\"image\/webp\" srcset=\"https:\/\/www.ocealys.com\/app\/uploads\/2023\/03\/groupe-1150-870x800.webp, https:\/\/www.ocealys.com\/app\/uploads\/2023\/03\/groupe-1150-870x800@2x.webp 2x\">\n                    <source type=\"image\/jpeg\" srcset=\"https:\/\/www.ocealys.com\/app\/uploads\/2023\/03\/groupe-1150-870x800.jpg, https:\/\/www.ocealys.com\/app\/uploads\/2023\/03\/groupe-1150-870x800@2x.jpg 2x\">\n                    <img decoding=\"async\" loading=\"lazy\" src=\"https:\/\/www.ocealys.com\/app\/uploads\/2023\/03\/groupe-1150-870x800.jpg\" alt=\"\" width=\"545\" height=\"775\"\/>\n                <\/picture>\n            <\/div>\n        \n        <div class=\"content\">\n                            <div class=\"icon\">\n                    <picture>\n                        <source type=\"image\/webp\" srcset=\"https:\/\/www.ocealys.com\/app\/uploads\/2023\/03\/monde-marin.svg, https:\/\/www.ocealys.com\/app\/uploads\/2023\/03\/monde-marin.svg 2x\">\n                        <source type=\"image\/jpeg\" srcset=\"https:\/\/www.ocealys.com\/app\/uploads\/2023\/03\/monde-marin.jpg, https:\/\/www.ocealys.com\/app\/uploads\/2023\/03\/monde-marin.jpg 2x\">\n                        <img decoding=\"async\" loading=\"lazy\" src=\"https:\/\/www.ocealys.com\/app\/uploads\/2023\/03\/monde-marin.jpg\" alt=\"\" width=\"100\" height=\"100\"\/>\n                    <\/picture>\n                <\/div>\n            \n                            <div class=\"intro\">\n                                            <h2 class=\"titre heading-four\">Marine Resources <\/h2>\n                                                                <span class=\"soustitre\">Seawater, minerals, thermalism<\/span>\n                                    <\/div>\n                                        <div class=\"contenu\">\n                    <p>Our laboratory valorizes since the beginning the marine resources: fresh seaweeds and organic marine plants harvested by our partners in the Iroise Marine Park or<\/p>\n<p>&#8211; even marine clays and mother waters from salt marshes or<\/p>\n<p>&#8211; even microalgae cultivated by our oyster farmers or those cultivated in the lake of Oregon or<\/p>\n<p>&#8211; the halophyte plants of the seaside and\u00a0 also<\/p>\n<p>&#8211; the thermal springs like the Blue Lagoon in Iceland or the thermal source of Caldane in Corsica<\/p>\n\n                <\/div>\n            \n                    <\/div>\n    <\/div>\n<\/section>\n\n<section class=\"acf icon-contenu-image\" id=\"monde-vegetal\">\n    <div class=\"grid-container ordre-inverse\">\n\n                    <div class=\"image\">\n                <picture>\n                    <source type=\"image\/webp\" srcset=\"https:\/\/www.ocealys.com\/app\/uploads\/2023\/03\/carre-arriere-2-2-870x800.webp, https:\/\/www.ocealys.com\/app\/uploads\/2023\/03\/carre-arriere-2-2-870x800@2x.webp 2x\">\n                    <source type=\"image\/jpeg\" srcset=\"https:\/\/www.ocealys.com\/app\/uploads\/2023\/03\/carre-arriere-2-2-870x800.jpg, https:\/\/www.ocealys.com\/app\/uploads\/2023\/03\/carre-arriere-2-2-870x800@2x.jpg 2x\">\n                    <img decoding=\"async\" loading=\"lazy\" src=\"https:\/\/www.ocealys.com\/app\/uploads\/2023\/03\/carre-arriere-2-2-870x800.jpg\" alt=\"\" width=\"545\" height=\"775\"\/>\n                <\/picture>\n            <\/div>\n        \n        <div class=\"content\">\n                            <div class=\"icon\">\n                    <picture>\n                        <source type=\"image\/webp\" srcset=\"https:\/\/www.ocealys.com\/app\/uploads\/2023\/03\/monde-vegetal.svg, https:\/\/www.ocealys.com\/app\/uploads\/2023\/03\/monde-vegetal.svg 2x\">\n                        <source type=\"image\/jpeg\" srcset=\"https:\/\/www.ocealys.com\/app\/uploads\/2023\/03\/monde-vegetal.jpg, https:\/\/www.ocealys.com\/app\/uploads\/2023\/03\/monde-vegetal.jpg 2x\">\n                        <img decoding=\"async\" loading=\"lazy\" src=\"https:\/\/www.ocealys.com\/app\/uploads\/2023\/03\/monde-vegetal.jpg\" alt=\"\" width=\"100\" height=\"100\"\/>\n                    <\/picture>\n                <\/div>\n            \n                            <div class=\"intro\">\n                                            <h2 class=\"titre heading-four\">Vegetable Resources <\/h2>\n                                                                <span class=\"soustitre\">plants from various origins, flowers, fruits, roots, essential oils<\/span>\n                                    <\/div>\n                                        <div class=\"contenu\">\n                    <p>The plant world is also a continuous source of inspiration for us:<\/p>\n<p>the cider apple from Normandy, essential oils or endemic plants from Corsica or Provence, turmeric from Reunion Island, Ravelana butter from Madagascar, teas, plants from Traditional Chinese Medicine, etc<strong>.<\/strong><\/p>\n<p><span style=\"color: #26437b;\">With the technical support of our <a href=\"https:\/\/www.bio-molenez.com\/\">BIOMOLENEZ<\/a> R&amp;D center <\/span>and our local scientific and industrial partners, we produce the natural active ingredients developed exclusively for introducing them into the heart of the formulations of the private label skincare ranges.<\/p>\n\n                <\/div>\n            \n                    <\/div>\n    <\/div>\n<\/section>\n\n<section class=\"core-inline core-buttons\" data-scroll-section><div class=\"container\">\n<div class=\"wp-block-buttons is-content-justification-center is-layout-flex wp-container-core-buttons-is-layout-16018d1d wp-block-buttons-is-layout-flex\">\n<div class=\"wp-block-button is-style-fleche\"><a class=\"wp-block-button__link wp-element-button\" href=\"https:\/\/www.ocealys.com\/en\/nos-expertises\/\">OUR expertises<\/a><\/div>\n<\/div>\n<\/div><\/section>","protected":false},"excerpt":{"rendered":"","protected":false},"author":1,"featured_media":0,"parent":0,"menu_order":0,"comment_status":"closed","ping_status":"closed","template":"","meta":{"footnotes":""},"class_list":["post-1305","page","type-page","status-publish","hentry"],"acf":[],"yoast_head":"<!-- This site is optimized with the Yoast SEO plugin v27.5 - https:\/\/yoast.com\/product\/yoast-seo-wordpress\/ -->\n<title>Our universe of creation - Laboratoire Oc\u00e9alys<\/title>\n<meta name=\"robots\" content=\"index, follow, max-snippet:-1, max-image-preview:large, max-video-preview:-1\" \/>\n<link rel=\"canonical\" href=\"https:\/\/www.ocealys.com\/en\/notre-univers\/\" \/>\n<meta property=\"og:locale\" content=\"en_US\" \/>\n<meta property=\"og:type\" content=\"article\" \/>\n<meta property=\"og:title\" content=\"Our universe of creation - Laboratoire Oc\u00e9alys\" \/>\n<meta property=\"og:url\" content=\"https:\/\/www.ocealys.com\/en\/notre-univers\/\" \/>\n<meta property=\"og:site_name\" content=\"Laboratoire Oc\u00e9alys\" \/>\n<meta property=\"article:modified_time\" content=\"2023-05-10T20:41:10+00:00\" \/>\n<meta name=\"twitter:card\" content=\"summary_large_image\" \/>\n<meta name=\"twitter:label1\" content=\"Est. reading time\" \/>\n\t<meta name=\"twitter:data1\" content=\"1 minute\" \/>\n<script type=\"application\/ld+json\" class=\"yoast-schema-graph\">{\"@context\":\"https:\\\/\\\/schema.org\",\"@graph\":[{\"@type\":\"WebPage\",\"@id\":\"https:\\\/\\\/www.ocealys.com\\\/en\\\/notre-univers\\\/\",\"url\":\"https:\\\/\\\/www.ocealys.com\\\/en\\\/notre-univers\\\/\",\"name\":\"Our universe of creation - Laboratoire Oc\u00e9alys\",\"isPartOf\":{\"@id\":\"https:\\\/\\\/www.ocealys.com\\\/en\\\/#website\"},\"datePublished\":\"2023-03-01T15:18:46+00:00\",\"dateModified\":\"2023-05-10T20:41:10+00:00\",\"breadcrumb\":{\"@id\":\"https:\\\/\\\/www.ocealys.com\\\/en\\\/notre-univers\\\/#breadcrumb\"},\"inLanguage\":\"en-US\",\"potentialAction\":[{\"@type\":\"ReadAction\",\"target\":[\"https:\\\/\\\/www.ocealys.com\\\/en\\\/notre-univers\\\/\"]}]},{\"@type\":\"BreadcrumbList\",\"@id\":\"https:\\\/\\\/www.ocealys.com\\\/en\\\/notre-univers\\\/#breadcrumb\",\"itemListElement\":[{\"@type\":\"ListItem\",\"position\":1,\"name\":\"Home\",\"item\":\"https:\\\/\\\/www.ocealys.com\\\/en\\\/\"},{\"@type\":\"ListItem\",\"position\":2,\"name\":\"Our universe of creation\"}]},{\"@type\":\"WebSite\",\"@id\":\"https:\\\/\\\/www.ocealys.com\\\/en\\\/#website\",\"url\":\"https:\\\/\\\/www.ocealys.com\\\/en\\\/\",\"name\":\"Laboratoire Oc\u00e9alys\",\"description\":\"Des formules Monde 100% naturelles, pr\u00e9miums, certifi\u00e9es Ecocert, Vegan, Clean ... et con\u00e7ues selon la normes ISO 22716\",\"publisher\":{\"@id\":\"https:\\\/\\\/www.ocealys.com\\\/en\\\/#organization\"},\"potentialAction\":[{\"@type\":\"SearchAction\",\"target\":{\"@type\":\"EntryPoint\",\"urlTemplate\":\"https:\\\/\\\/www.ocealys.com\\\/en\\\/?s={search_term_string}\"},\"query-input\":{\"@type\":\"PropertyValueSpecification\",\"valueRequired\":true,\"valueName\":\"search_term_string\"}}],\"inLanguage\":\"en-US\"},{\"@type\":\"Organization\",\"@id\":\"https:\\\/\\\/www.ocealys.com\\\/en\\\/#organization\",\"name\":\"Laboratoire Oc\u00e9alys\",\"url\":\"https:\\\/\\\/www.ocealys.com\\\/en\\\/\",\"logo\":{\"@type\":\"ImageObject\",\"inLanguage\":\"en-US\",\"@id\":\"https:\\\/\\\/www.ocealys.com\\\/en\\\/#\\\/schema\\\/logo\\\/image\\\/\",\"url\":\"https:\\\/\\\/www.ocealys.com\\\/app\\\/uploads\\\/2023\\\/02\\\/cropped-ocelalys-favicon.png\",\"contentUrl\":\"https:\\\/\\\/www.ocealys.com\\\/app\\\/uploads\\\/2023\\\/02\\\/cropped-ocelalys-favicon.png\",\"width\":512,\"height\":512,\"caption\":\"Laboratoire Oc\u00e9alys\"},\"image\":{\"@id\":\"https:\\\/\\\/www.ocealys.com\\\/en\\\/#\\\/schema\\\/logo\\\/image\\\/\"}}]}<\/script>\n<!-- \/ Yoast SEO plugin. -->","yoast_head_json":{"title":"Our universe of creation - Laboratoire Oc\u00e9alys","robots":{"index":"index","follow":"follow","max-snippet":"max-snippet:-1","max-image-preview":"max-image-preview:large","max-video-preview":"max-video-preview:-1"},"canonical":"https:\/\/www.ocealys.com\/en\/notre-univers\/","og_locale":"en_US","og_type":"article","og_title":"Our universe of creation - Laboratoire Oc\u00e9alys","og_url":"https:\/\/www.ocealys.com\/en\/notre-univers\/","og_site_name":"Laboratoire Oc\u00e9alys","article_modified_time":"2023-05-10T20:41:10+00:00","twitter_card":"summary_large_image","twitter_misc":{"Est. reading time":"1 minute"},"schema":{"@context":"https:\/\/schema.org","@graph":[{"@type":"WebPage","@id":"https:\/\/www.ocealys.com\/en\/notre-univers\/","url":"https:\/\/www.ocealys.com\/en\/notre-univers\/","name":"Our universe of creation - Laboratoire Oc\u00e9alys","isPartOf":{"@id":"https:\/\/www.ocealys.com\/en\/#website"},"datePublished":"2023-03-01T15:18:46+00:00","dateModified":"2023-05-10T20:41:10+00:00","breadcrumb":{"@id":"https:\/\/www.ocealys.com\/en\/notre-univers\/#breadcrumb"},"inLanguage":"en-US","potentialAction":[{"@type":"ReadAction","target":["https:\/\/www.ocealys.com\/en\/notre-univers\/"]}]},{"@type":"BreadcrumbList","@id":"https:\/\/www.ocealys.com\/en\/notre-univers\/#breadcrumb","itemListElement":[{"@type":"ListItem","position":1,"name":"Home","item":"https:\/\/www.ocealys.com\/en\/"},{"@type":"ListItem","position":2,"name":"Our universe of creation"}]},{"@type":"WebSite","@id":"https:\/\/www.ocealys.com\/en\/#website","url":"https:\/\/www.ocealys.com\/en\/","name":"Laboratoire Oc\u00e9alys","description":"Des formules Monde 100% naturelles, pr\u00e9miums, certifi\u00e9es Ecocert, Vegan, Clean ... et con\u00e7ues selon la normes ISO 22716","publisher":{"@id":"https:\/\/www.ocealys.com\/en\/#organization"},"potentialAction":[{"@type":"SearchAction","target":{"@type":"EntryPoint","urlTemplate":"https:\/\/www.ocealys.com\/en\/?s={search_term_string}"},"query-input":{"@type":"PropertyValueSpecification","valueRequired":true,"valueName":"search_term_string"}}],"inLanguage":"en-US"},{"@type":"Organization","@id":"https:\/\/www.ocealys.com\/en\/#organization","name":"Laboratoire Oc\u00e9alys","url":"https:\/\/www.ocealys.com\/en\/","logo":{"@type":"ImageObject","inLanguage":"en-US","@id":"https:\/\/www.ocealys.com\/en\/#\/schema\/logo\/image\/","url":"https:\/\/www.ocealys.com\/app\/uploads\/2023\/02\/cropped-ocelalys-favicon.png","contentUrl":"https:\/\/www.ocealys.com\/app\/uploads\/2023\/02\/cropped-ocelalys-favicon.png","width":512,"height":512,"caption":"Laboratoire Oc\u00e9alys"},"image":{"@id":"https:\/\/www.ocealys.com\/en\/#\/schema\/logo\/image\/"}}]}},"_links":{"self":[{"href":"https:\/\/www.ocealys.com\/en\/wp-json\/wp\/v2\/pages\/1305","targetHints":{"allow":["GET"]}}],"collection":[{"href":"https:\/\/www.ocealys.com\/en\/wp-json\/wp\/v2\/pages"}],"about":[{"href":"https:\/\/www.ocealys.com\/en\/wp-json\/wp\/v2\/types\/page"}],"author":[{"embeddable":true,"href":"https:\/\/www.ocealys.com\/en\/wp-json\/wp\/v2\/users\/1"}],"replies":[{"embeddable":true,"href":"https:\/\/www.ocealys.com\/en\/wp-json\/wp\/v2\/comments?post=1305"}],"version-history":[{"count":14,"href":"https:\/\/www.ocealys.com\/en\/wp-json\/wp\/v2\/pages\/1305\/revisions"}],"predecessor-version":[{"id":1518,"href":"https:\/\/www.ocealys.com\/en\/wp-json\/wp\/v2\/pages\/1305\/revisions\/1518"}],"wp:attachment":[{"href":"https:\/\/www.ocealys.com\/en\/wp-json\/wp\/v2\/media?parent=1305"}],"curies":[{"name":"wp","href":"https:\/\/api.w.org\/{rel}","templated":true}]}}